{"id":62,"date":"2024-03-24T20:53:24","date_gmt":"2024-03-24T19:53:24","guid":{"rendered":"http:\/\/4mkr.pl\/?page_id=62"},"modified":"2024-03-24T20:58:54","modified_gmt":"2024-03-24T19:58:54","slug":"galeria","status":"publish","type":"page","link":"http:\/\/4mkr.pl\/?page_id=62","title":{"rendered":"galeria"},"content":{"rendered":"\n<p>w tym miejscu b\u0119dziemy publikowa\u0107 zdj\u0119cia z imprez w kt\u00f3rych uczestnicz\u0105 zawodnicy i cz\u0142onkowie 4MKR<\/p>\n\n\n\n<div id=\"ccchildpages-1\" class=\"ccchildpages onecol simple ccclearfix\"><div class=\"ccchildpage  ccodd ccpage-count-1 ccpage-id-69 ccpage-przed-rokiem-2024 ccpage-has-parent ccpage-pid-62 ccpage-parent-galeria\"><h3>przed rokiem 2024<\/h3><div class=\"ccpages_excerpt\"><\/div><p class=\"ccpages_more\"><a href=\"http:\/\/4mkr.pl\/?page_id=69\"  title=\"Read more ...\">Read more ...<\/a><\/p><\/div><\/div>\n","protected":false},"excerpt":{"rendered":"<p>w tym miejscu b\u0119dziemy publikowa\u0107 zdj\u0119cia z imprez w kt\u00f3rych uczestnicz\u0105 zawodnicy i cz\u0142onkowie 4MKR<\/p>\n","protected":false},"author":1,"featured_media":0,"parent":0,"menu_order":0,"comment_status":"closed","ping_status":"closed","template":"","meta":{"footnotes":""},"class_list":["post-62","page","type-page","status-publish","hentry"],"yoast_head":"<!-- This site is optimized with the Yoast SEO plugin v25.8 - https:\/\/yoast.com\/wordpress\/plugins\/seo\/ -->\n<title>galeria -<\/title>\n<meta name=\"robots\" content=\"index, follow, max-snippet:-1, max-image-preview:large, max-video-preview:-1\" \/>\n<link rel=\"canonical\" href=\"http:\/\/4mkr.pl\/?page_id=62\" \/>\n<meta property=\"og:locale\" content=\"en_US\" \/>\n<meta property=\"og:type\" content=\"article\" \/>\n<meta property=\"og:title\" content=\"galeria -\" \/>\n<meta property=\"og:description\" content=\"w tym miejscu b\u0119dziemy publikowa\u0107 zdj\u0119cia z imprez w kt\u00f3rych uczestnicz\u0105 zawodnicy i cz\u0142onkowie 4MKR\" \/>\n<meta property=\"og:url\" content=\"http:\/\/4mkr.pl\/?page_id=62\" \/>\n<meta property=\"article:modified_time\" content=\"2024-03-24T19:58:54+00:00\" \/>\n<meta name=\"twitter:card\" content=\"summary_large_image\" \/>\n<meta name=\"twitter:label1\" content=\"Est. reading time\" \/>\n\t<meta name=\"twitter:data1\" content=\"1 minute\" \/>\n<script type=\"application\/ld+json\" class=\"yoast-schema-graph\">{\"@context\":\"https:\/\/schema.org\",\"@graph\":[{\"@type\":\"WebPage\",\"@id\":\"http:\/\/4mkr.pl\/?page_id=62\",\"url\":\"http:\/\/4mkr.pl\/?page_id=62\",\"name\":\"galeria -\",\"isPartOf\":{\"@id\":\"http:\/\/4mkr.pl\/#website\"},\"datePublished\":\"2024-03-24T19:53:24+00:00\",\"dateModified\":\"2024-03-24T19:58:54+00:00\",\"breadcrumb\":{\"@id\":\"http:\/\/4mkr.pl\/?page_id=62#breadcrumb\"},\"inLanguage\":\"en-US\",\"potentialAction\":[{\"@type\":\"ReadAction\",\"target\":[\"http:\/\/4mkr.pl\/?page_id=62\"]}]},{\"@type\":\"BreadcrumbList\",\"@id\":\"http:\/\/4mkr.pl\/?page_id=62#breadcrumb\",\"itemListElement\":[{\"@type\":\"ListItem\",\"position\":1,\"name\":\"Home\",\"item\":\"http:\/\/4mkr.pl\/\"},{\"@type\":\"ListItem\",\"position\":2,\"name\":\"galeria\"}]},{\"@type\":\"WebSite\",\"@id\":\"http:\/\/4mkr.pl\/#website\",\"url\":\"http:\/\/4mkr.pl\/\",\"name\":\"\",\"description\":\"\",\"potentialAction\":[{\"@type\":\"SearchAction\",\"target\":{\"@type\":\"EntryPoint\",\"urlTemplate\":\"http:\/\/4mkr.pl\/?s={search_term_string}\"},\"query-input\":{\"@type\":\"PropertyValueSpecification\",\"valueRequired\":true,\"valueName\":\"search_term_string\"}}],\"inLanguage\":\"en-US\"}]}<\/script>\n<!-- \/ Yoast SEO plugin. -->","yoast_head_json":{"title":"galeria -","robots":{"index":"index","follow":"follow","max-snippet":"max-snippet:-1","max-image-preview":"max-image-preview:large","max-video-preview":"max-video-preview:-1"},"canonical":"http:\/\/4mkr.pl\/?page_id=62","og_locale":"en_US","og_type":"article","og_title":"galeria -","og_description":"w tym miejscu b\u0119dziemy publikowa\u0107 zdj\u0119cia z imprez w kt\u00f3rych uczestnicz\u0105 zawodnicy i cz\u0142onkowie 4MKR","og_url":"http:\/\/4mkr.pl\/?page_id=62","article_modified_time":"2024-03-24T19:58:54+00:00","twitter_card":"summary_large_image","twitter_misc":{"Est. reading time":"1 minute"},"schema":{"@context":"https:\/\/schema.org","@graph":[{"@type":"WebPage","@id":"http:\/\/4mkr.pl\/?page_id=62","url":"http:\/\/4mkr.pl\/?page_id=62","name":"galeria -","isPartOf":{"@id":"http:\/\/4mkr.pl\/#website"},"datePublished":"2024-03-24T19:53:24+00:00","dateModified":"2024-03-24T19:58:54+00:00","breadcrumb":{"@id":"http:\/\/4mkr.pl\/?page_id=62#breadcrumb"},"inLanguage":"en-US","potentialAction":[{"@type":"ReadAction","target":["http:\/\/4mkr.pl\/?page_id=62"]}]},{"@type":"BreadcrumbList","@id":"http:\/\/4mkr.pl\/?page_id=62#breadcrumb","itemListElement":[{"@type":"ListItem","position":1,"name":"Home","item":"http:\/\/4mkr.pl\/"},{"@type":"ListItem","position":2,"name":"galeria"}]},{"@type":"WebSite","@id":"http:\/\/4mkr.pl\/#website","url":"http:\/\/4mkr.pl\/","name":"","description":"","potentialAction":[{"@type":"SearchAction","target":{"@type":"EntryPoint","urlTemplate":"http:\/\/4mkr.pl\/?s={search_term_string}"},"query-input":{"@type":"PropertyValueSpecification","valueRequired":true,"valueName":"search_term_string"}}],"inLanguage":"en-US"}]}},"_links":{"self":[{"href":"http:\/\/4mkr.pl\/index.php?rest_route=\/wp\/v2\/pages\/62","targetHints":{"allow":["GET"]}}],"collection":[{"href":"http:\/\/4mkr.pl\/index.php?rest_route=\/wp\/v2\/pages"}],"about":[{"href":"http:\/\/4mkr.pl\/index.php?rest_route=\/wp\/v2\/types\/page"}],"author":[{"embeddable":true,"href":"http:\/\/4mkr.pl\/index.php?rest_route=\/wp\/v2\/users\/1"}],"replies":[{"embeddable":true,"href":"http:\/\/4mkr.pl\/index.php?rest_route=%2Fwp%2Fv2%2Fcomments&post=62"}],"version-history":[{"count":3,"href":"http:\/\/4mkr.pl\/index.php?rest_route=\/wp\/v2\/pages\/62\/revisions"}],"predecessor-version":[{"id":68,"href":"http:\/\/4mkr.pl\/index.php?rest_route=\/wp\/v2\/pages\/62\/revisions\/68"}],"wp:attachment":[{"href":"http:\/\/4mkr.pl\/index.php?rest_route=%2Fwp%2Fv2%2Fmedia&parent=62"}],"curies":[{"name":"wp","href":"https:\/\/api.w.org\/{rel}","templated":true}]}}